{"id":77,"date":"2023-02-24T15:00:51","date_gmt":"2023-02-24T14:00:51","guid":{"rendered":"https:\/\/holistic.press\/o-nas\/"},"modified":"2026-03-13T10:02:54","modified_gmt":"2026-03-13T09:02:54","slug":"about-us","status":"publish","type":"page","link":"https:\/\/holistic.news\/en\/about-us\/","title":{"rendered":"About us"},"content":{"rendered":"\n<p class=\"text-about-us\"><strong>Holistic News<\/strong> is a portal dedicated to humanity, to people \u2014 our place in the modern world and the condition in which we find ourselves.<\/p>\n\n\n\n<p class=\"text-about-us\">At <strong>Holistic News<\/strong>, we present and comment on current events, guided by the principle of \u201ctruth and goodness\u201d. We take into account various phenomena from the spheres of sociology, education, politics, culture and art, as well as science and technology. We try to look at reality objectively and analytically, determinedly seeking answers to questions about the proper direction of global society.<br><\/p>\n\n\n\n<p class=\"text-about-us\">We are part of the Ars Humanitas Foundation which develops its activities in the fields of education (<a href=\"https:\/\/holistic.news\/en\" target=\"_blank\" rel=\"noreferrer noopener\">Holistic Think Tank<\/a>) and media (<a href=\"https:\/\/holistic.news\/en\">Holistic News<\/a>).<\/p>\n\n\n\n<hr class=\"wp-block-separator has-alpha-channel-opacity\"\/>\n\n\n\n<div class=\"wp-block-columns is-layout-flex wp-container-core-columns-is-layout-9d6595d7 wp-block-columns-is-layout-flex\">\n<div class=\"wp-block-column subpageHeader__wrap__author_list is-layout-flow wp-block-column-is-layout-flow\">\n<h2 class=\"wp-block-heading has-text-align-left\" id=\"h-editors\">Editors<\/h2>\n<\/div>\n<\/div>\n\n\n\n<div class=\"wp-block-group is-nowrap is-layout-flex wp-container-core-group-is-layout-ad2f72ca wp-block-group-is-layout-flex\">\n<div class=\"wp-block-group\"><div class=\"wp-block-group__inner-container is-layout-constrained wp-block-group-is-layout-constrained\">\n<div class=\"wp-block-columns are-vertically-aligned-top is-layout-flex wp-container-core-columns-is-layout-9d6595d7 wp-block-columns-is-layout-flex\">\n<div class=\"wp-block-column is-layout-flow wp-block-column-is-layout-flow\"><div class=\"wp-block-image is-style-rounded\">\n<figure class=\"aligncenter size-full is-resized\"><img loading=\"lazy\" decoding=\"async\" width=\"585\" height=\"585\" src=\"https:\/\/holistic.news\/en\/wp-content\/uploads\/2026\/03\/Anna-Godek.jpeg\" alt=\"\" class=\"wp-image-16694\" style=\"width:328px;height:auto\" srcset=\"https:\/\/holistic.news\/en\/wp-content\/uploads\/2026\/03\/Anna-Godek.jpeg 585w, https:\/\/holistic.news\/en\/wp-content\/uploads\/2026\/03\/Anna-Godek-300x300.jpeg 300w, https:\/\/holistic.news\/en\/wp-content\/uploads\/2026\/03\/Anna-Godek-150x150.jpeg 150w\" sizes=\"auto, (max-width: 585px) 100vw, 585px\" \/><\/figure>\n<\/div>\n\n\n<h3 class=\"wp-block-heading has-text-align-center\" id=\"h-anna-godek-biniasz\">Anna Godek-Biniasz<\/h3>\n\n\n\n<p class=\"has-text-align-center\"><strong>Publishing Director<\/strong><\/p>\n\n\n\n<p class=\"has-text-align-center\">Manager in media. She knows the ins and outs of radio, press, and the internet. Educated in Russian studies and European studies. Always on the move.<\/p>\n\n\n\n<p class=\"has-text-align-center\"><a href=\"mailto:anna.godek@holistic.news\" target=\"_blank\" rel=\"noreferrer noopener\">anna.godek@holistic.news<\/a><\/p>\n<\/div>\n\n\n\n<div class=\"wp-block-column is-vertically-aligned-top is-layout-flow wp-block-column-is-layout-flow\"><div class=\"wp-block-image is-style-rounded\">\n<figure class=\"aligncenter size-large is-resized\"><img decoding=\"async\" src=\"https:\/\/holistic.news\/wp-content\/uploads\/2024\/04\/ww-fotka-1024x1024.webp\" alt=\"\" class=\"wp-image-17770\" style=\"width:333px;height:auto\"\/><\/figure>\n<\/div>\n\n\n<h3 class=\"wp-block-heading has-text-align-center\" id=\"h-wojciech-wybranowski\"><a href=\"https:\/\/holistic.news\/author\/wojciech-wybranowski\/\" target=\"_blank\" rel=\"noreferrer noopener\">Wojciech Wybranowski<\/a><\/h3>\n\n\n\n<p class=\"has-text-align-center\"><strong>Editor-in-Chief<\/strong><\/p>\n\n\n\n<p class=\"has-text-align-center\">Journalist, columnist, commentator, big fan of Lech Pozna\u0144 soccer team, Polish fantasy literature, and unhealthy high-calorie cuisine.<\/p>\n\n\n\n<p class=\"has-text-align-center\"><a href=\"mailto:wojciech.wybranowski@holistic.news\" target=\"_blank\" rel=\"noreferrer noopener\">wojciech.wybranowski@holistic.news<\/a><\/p>\n<\/div>\n<\/div>\n<\/div><\/div>\n<\/div>\n\n\n\n<div class=\"wp-block-columns is-layout-flex wp-container-core-columns-is-layout-9d6595d7 wp-block-columns-is-layout-flex\">\n<div class=\"wp-block-column is-layout-flow wp-block-column-is-layout-flow\">\n<figure class=\"wp-block-image size-full is-style-rounded\"><img loading=\"lazy\" decoding=\"async\" width=\"1836\" height=\"1836\" src=\"https:\/\/holistic.news\/en\/wp-content\/uploads\/2025\/12\/Radoslaw-Rozycki.jpg\" alt=\"Rados\u0142aw R\u00f3\u017cycki\" class=\"wp-image-15631\" srcset=\"https:\/\/holistic.news\/en\/wp-content\/uploads\/2025\/12\/Radoslaw-Rozycki.jpg 1836w, https:\/\/holistic.news\/en\/wp-content\/uploads\/2025\/12\/Radoslaw-Rozycki-300x300.jpg 300w, https:\/\/holistic.news\/en\/wp-content\/uploads\/2025\/12\/Radoslaw-Rozycki-1024x1024.jpg 1024w, https:\/\/holistic.news\/en\/wp-content\/uploads\/2025\/12\/Radoslaw-Rozycki-150x150.jpg 150w, https:\/\/holistic.news\/en\/wp-content\/uploads\/2025\/12\/Radoslaw-Rozycki-768x768.jpg 768w, https:\/\/holistic.news\/en\/wp-content\/uploads\/2025\/12\/Radoslaw-Rozycki-1536x1536.jpg 1536w\" sizes=\"auto, (max-width: 1836px) 100vw, 1836px\" \/><\/figure>\n\n\n\n<h3 class=\"wp-block-heading has-text-align-center\" id=\"h-radoslaw-rozycki\">Rados\u0142aw R\u00f3\u017cycki<\/h3>\n\n\n\n<p class=\"has-text-align-center\"><strong>Deputy Editor-in-Chief<\/strong><\/p>\n\n\n\n<p class=\"has-text-align-center\">Editor, translator, and cultural manager. He reads, writes, translates, and edits. Occasionally, he finds his voice. In his off-hours, he favors fine literature and heavy sounds.<\/p>\n\n\n\n<p class=\"has-text-align-center\"><a href=\"mailto:radoslaw.rozycki@holistic.news\">radoslaw.rozycki@holistic.news<\/a><\/p>\n\n\n\n<p class=\"has-text-align-center\"><\/p>\n<\/div>\n\n\n\n<div class=\"wp-block-column is-layout-flow wp-block-column-is-layout-flow\">\n<figure class=\"wp-block-image size-full is-style-rounded\"><img loading=\"lazy\" decoding=\"async\" width=\"933\" height=\"934\" src=\"https:\/\/holistic.news\/en\/wp-content\/uploads\/2026\/03\/zdjecie-Patrycja-Krzeszowska-edited.jpg\" alt=\"\" class=\"wp-image-16696\" srcset=\"https:\/\/holistic.news\/en\/wp-content\/uploads\/2026\/03\/zdjecie-Patrycja-Krzeszowska-edited.jpg 933w, https:\/\/holistic.news\/en\/wp-content\/uploads\/2026\/03\/zdjecie-Patrycja-Krzeszowska-edited-300x300.jpg 300w, https:\/\/holistic.news\/en\/wp-content\/uploads\/2026\/03\/zdjecie-Patrycja-Krzeszowska-edited-150x150.jpg 150w, https:\/\/holistic.news\/en\/wp-content\/uploads\/2026\/03\/zdjecie-Patrycja-Krzeszowska-edited-768x769.jpg 768w\" sizes=\"auto, (max-width: 933px) 100vw, 933px\" \/><\/figure>\n\n\n\n<h3 class=\"wp-block-heading has-text-align-center\" id=\"h-patrycja-krzeszowska\">Patrycja Krzeszowska<\/h3>\n\n\n\n<p class=\"has-text-align-center\"><strong>Jurnalist<\/strong><\/p>\n\n\n\n<p class=\"has-text-align-center\">Patrycja specializes in scientific discoveries and research that have a direct impact on human life..<\/p>\n\n\n\n<p><\/p>\n\n\n\n<p class=\"has-text-align-center\"><a href=\"mailto:patrycja.krzeszowska@holistic.news\">patrycja.krzeszowska@holistic.news<\/a><\/p>\n<\/div>\n\n\n\n<div class=\"wp-block-column is-layout-flow wp-block-column-is-layout-flow\">\n<figure class=\"wp-block-image size-large is-resized is-style-rounded\"><img loading=\"lazy\" decoding=\"async\" width=\"1024\" height=\"1024\" src=\"https:\/\/holistic.news\/en\/wp-content\/uploads\/2025\/07\/Anita_kwadrat-1-1024x1024.jpg\" alt=\"\" class=\"wp-image-14397\" style=\"width:296px;height:auto\" srcset=\"https:\/\/holistic.news\/en\/wp-content\/uploads\/2025\/07\/Anita_kwadrat-1-1024x1024.jpg 1024w, https:\/\/holistic.news\/en\/wp-content\/uploads\/2025\/07\/Anita_kwadrat-1-300x300.jpg 300w, https:\/\/holistic.news\/en\/wp-content\/uploads\/2025\/07\/Anita_kwadrat-1-150x150.jpg 150w, https:\/\/holistic.news\/en\/wp-content\/uploads\/2025\/07\/Anita_kwadrat-1-768x768.jpg 768w, https:\/\/holistic.news\/en\/wp-content\/uploads\/2025\/07\/Anita_kwadrat-1.jpg 1181w\" sizes=\"auto, (max-width: 1024px) 100vw, 1024px\" \/><\/figure>\n\n\n\n<h3 class=\"wp-block-heading has-text-align-center\" id=\"h-anita-rozanska\">Anita R\u00f3\u017ca\u0144ska<\/h3>\n\n\n\n<p class=\"has-text-align-center\"><strong>Audiovisual Content Editor<\/strong><\/p>\n\n\n\n<p class=\"has-text-align-center\">A specialist in words and images, with years of experience in media\u2014 television, internet, and video production. A journalist by profession, a jewelry designer by passion.<\/p>\n\n\n\n<p class=\"has-text-align-center\"><a href=\"mailto:anita.rozanska@holistic.news\">anita.rozanska@holistic.news<\/a><\/p>\n<\/div>\n<\/div>\n\n\n\n<div class=\"wp-block-columns is-layout-flex wp-container-core-columns-is-layout-9d6595d7 wp-block-columns-is-layout-flex\">\n<div class=\"wp-block-column is-vertically-aligned-top is-layout-flow wp-block-column-is-layout-flow\">\n<figure class=\"wp-block-gallery has-nested-images columns-default is-cropped wp-block-gallery-1 is-layout-flex wp-block-gallery-is-layout-flex\">\n<figure class=\"wp-block-image size-full is-style-rounded\"><img loading=\"lazy\" decoding=\"async\" width=\"1200\" height=\"1199\" data-id=\"16699\" src=\"https:\/\/holistic.news\/en\/wp-content\/uploads\/2026\/03\/Rafal-Sakowski-edited-1.jpeg\" alt=\"\" class=\"wp-image-16699\" srcset=\"https:\/\/holistic.news\/en\/wp-content\/uploads\/2026\/03\/Rafal-Sakowski-edited-1.jpeg 1200w, https:\/\/holistic.news\/en\/wp-content\/uploads\/2026\/03\/Rafal-Sakowski-edited-1-300x300.jpeg 300w, https:\/\/holistic.news\/en\/wp-content\/uploads\/2026\/03\/Rafal-Sakowski-edited-1-1024x1024.jpeg 1024w, https:\/\/holistic.news\/en\/wp-content\/uploads\/2026\/03\/Rafal-Sakowski-edited-1-150x150.jpeg 150w, https:\/\/holistic.news\/en\/wp-content\/uploads\/2026\/03\/Rafal-Sakowski-edited-1-768x767.jpeg 768w\" sizes=\"auto, (max-width: 1200px) 100vw, 1200px\" \/><\/figure>\n\n\n\n<figure class=\"wp-block-image size-full is-style-rounded\"><img loading=\"lazy\" decoding=\"async\" width=\"1400\" height=\"1400\" data-id=\"16511\" src=\"https:\/\/holistic.news\/en\/wp-content\/uploads\/2026\/02\/Jaroslaw-Kumor.jpg\" alt=\"\" class=\"wp-image-16511\" srcset=\"https:\/\/holistic.news\/en\/wp-content\/uploads\/2026\/02\/Jaroslaw-Kumor.jpg 1400w, https:\/\/holistic.news\/en\/wp-content\/uploads\/2026\/02\/Jaroslaw-Kumor-300x300.jpg 300w, https:\/\/holistic.news\/en\/wp-content\/uploads\/2026\/02\/Jaroslaw-Kumor-1024x1024.jpg 1024w, https:\/\/holistic.news\/en\/wp-content\/uploads\/2026\/02\/Jaroslaw-Kumor-150x150.jpg 150w, https:\/\/holistic.news\/en\/wp-content\/uploads\/2026\/02\/Jaroslaw-Kumor-768x768.jpg 768w\" sizes=\"auto, (max-width: 1400px) 100vw, 1400px\" \/><\/figure>\n\n\n\n<figure class=\"wp-block-image size-full is-style-rounded\"><img loading=\"lazy\" decoding=\"async\" width=\"663\" height=\"663\" data-id=\"14398\" src=\"https:\/\/holistic.news\/en\/wp-content\/uploads\/2025\/07\/Monika-Korzistka.jpg\" alt=\"\" class=\"wp-image-14398\" srcset=\"https:\/\/holistic.news\/en\/wp-content\/uploads\/2025\/07\/Monika-Korzistka.jpg 663w, https:\/\/holistic.news\/en\/wp-content\/uploads\/2025\/07\/Monika-Korzistka-300x300.jpg 300w, https:\/\/holistic.news\/en\/wp-content\/uploads\/2025\/07\/Monika-Korzistka-150x150.jpg 150w\" sizes=\"auto, (max-width: 663px) 100vw, 663px\" \/><\/figure>\n<\/figure>\n<\/div>\n<\/div>\n\n\n\n<div class=\"wp-block-columns is-layout-flex wp-container-core-columns-is-layout-9d6595d7 wp-block-columns-is-layout-flex\">\n<div class=\"wp-block-column is-layout-flow wp-block-column-is-layout-flow\" style=\"flex-basis:100%\">\n<div class=\"wp-block-group\"><div class=\"wp-block-group__inner-container is-layout-constrained wp-block-group-is-layout-constrained\">\n<div class=\"wp-block-columns is-layout-flex wp-container-core-columns-is-layout-9d6595d7 wp-block-columns-is-layout-flex\">\n<div class=\"wp-block-column is-layout-flow wp-block-column-is-layout-flow\" style=\"flex-basis:100%\">\n<div class=\"wp-block-columns is-layout-flex wp-container-core-columns-is-layout-9d6595d7 wp-block-columns-is-layout-flex\">\n<div class=\"wp-block-column is-layout-flow wp-block-column-is-layout-flow\" style=\"flex-basis:100%\">\n<div class=\"wp-block-columns is-layout-flex wp-container-core-columns-is-layout-9d6595d7 wp-block-columns-is-layout-flex\">\n<div class=\"wp-block-column is-layout-flow wp-block-column-is-layout-flow\">\n<h3 class=\"wp-block-heading has-text-align-center\" id=\"h-rafal-sakowski\">Rafa\u0142 Sakowski<\/h3>\n\n\n\n<p class=\"has-text-align-center\" id=\"h-content-editor-amp-distributor\"><strong>Project Manager | <a href=\"https:\/\/holistictalk.pl\/\" type=\"link\" id=\"https:\/\/holistictalk.pl\/\">Holistic Talk<\/a><\/strong><\/p>\n\n\n\n<p class=\"has-text-align-center\">He thrives on building synergy and collaborating with his team, with a keen interest in forecasting and geopolitics. Always hungry for knowledge. A lawyer and producer by training.<\/p>\n\n\n\n<p class=\"has-text-align-center\"><a href=\"mailto:rafal.sakowski@holistic.news\">rafal.sakowski@holistic.news<\/a><\/p>\n<\/div>\n\n\n\n<div class=\"wp-block-column is-layout-flow wp-block-column-is-layout-flow\">\n<h3 class=\"wp-block-heading has-text-align-center\" id=\"h-jaroslaw-kumor\">Jaros\u0142aw Kumor<\/h3>\n\n\n\n<p class=\"has-text-align-center\" id=\"h-content-editor-amp-distributor\"><strong>Senior Editor<\/strong><\/p>\n\n\n\n<p class=\"has-text-align-center\">A journalist and podcaster with a flair for psychology and social issues. Creator of the <em>Good Podcast<\/em> (<em>Dobry Podcast<\/em>), cyclist, and sports fan.<\/p>\n\n\n\n<p class=\"has-text-align-center\"><a href=\"mailto:jaroslaw.kumor@holistic.news\">jaroslaw.kumor@holistic.news<\/a><\/p>\n<\/div>\n\n\n\n<div class=\"wp-block-column is-layout-flow wp-block-column-is-layout-flow\">\n<h3 class=\"wp-block-heading has-text-align-center\" id=\"h-monika-korzistka\">Monika Korzistka<\/h3>\n\n\n\n<p class=\"has-text-align-center\" id=\"h-content-editor-amp-distributor\"><strong>Content Editor &amp; Distributor<\/strong><\/p>\n\n\n\n<p class=\"has-text-align-center\">A media, marketing, and sales specialist with a passion for testing IT products. A devoted cat lover.<\/p>\n\n\n\n<p class=\"has-text-align-center\"><a href=\"mailto:monika.korzistka@holistic.news\">monika.korzistka@holistic.news<\/a><\/p>\n<\/div>\n<\/div>\n<\/div>\n<\/div>\n<\/div>\n<\/div>\n<\/div><\/div>\n<\/div>\n<\/div>\n\n\n\n<p><\/p>\n","protected":false},"excerpt":{"rendered":"<p>Holistic News is a portal dedicated to humanity, to people \u2014 our place in the modern world and the condition in which we find ourselves. At Holistic News, we present and comment on current events, guided by the principle of \u201ctruth and goodness\u201d. We take into account various phenomena from the spheres of sociology, education, [&hellip;]<\/p>\n","protected":false},"author":3,"featured_media":12324,"parent":0,"menu_order":0,"comment_status":"closed","ping_status":"open","template":"page-templates\/page_about.php","meta":{"_acf_changed":false,"footnotes":""},"class_list":["post-77","page","type-page","status-publish","has-post-thumbnail","hentry"],"acf":[],"yoast_head":"<!-- This site is optimized with the Yoast SEO Premium plugin v27.4 (Yoast SEO v27.4) - https:\/\/yoast.com\/product\/yoast-seo-premium-wordpress\/ -->\n<title>About us - Holistic News<\/title>\n<meta name=\"description\" content=\"At Holistic.News, we present and comment on current events, guided by the principle of \u201ctruth and goodness\u201d.\" \/>\n<meta name=\"robots\" content=\"index, follow, max-snippet:-1, max-image-preview:large, max-video-preview:-1\" \/>\n<link rel=\"canonical\" href=\"https:\/\/holistic.news\/en\/about-us\/\" \/>\n<meta property=\"og:locale\" content=\"en_GB\" \/>\n<meta property=\"og:type\" content=\"article\" \/>\n<meta property=\"og:title\" content=\"About us - Holistic News\" \/>\n<meta property=\"og:description\" content=\"At Holistic.News, we present and comment on current events, guided by the principle of \u201ctruth and goodness\u201d.\" \/>\n<meta property=\"og:url\" content=\"https:\/\/holistic.news\/en\/about-us\/\" \/>\n<meta property=\"og:site_name\" content=\"Holistic News\" \/>\n<meta property=\"article:publisher\" content=\"https:\/\/www.facebook.com\/portalHolisticNews\/\" \/>\n<meta property=\"article:modified_time\" content=\"2026-03-13T09:02:54+00:00\" \/>\n<meta property=\"og:image\" content=\"https:\/\/holistic.news\/en\/wp-content\/uploads\/2024\/05\/mockup-holistic-strona-magazyn-okladka-i-srodek.webp\" \/>\n\t<meta property=\"og:image:width\" content=\"1920\" \/>\n\t<meta property=\"og:image:height\" content=\"1080\" \/>\n\t<meta property=\"og:image:type\" content=\"image\/webp\" \/>\n<meta name=\"twitter:card\" content=\"summary_large_image\" \/>\n<meta name=\"twitter:site\" content=\"@news_holistic\" \/>\n<meta name=\"twitter:label1\" content=\"Estimated reading time\" \/>\n\t<meta name=\"twitter:data1\" content=\"4 minutes\" \/>\n<script type=\"application\/ld+json\" class=\"yoast-schema-graph\">{\"@context\":\"https:\\\/\\\/schema.org\",\"@graph\":[{\"@type\":\"WebPage\",\"@id\":\"https:\\\/\\\/holistic.news\\\/en\\\/about-us\\\/\",\"url\":\"https:\\\/\\\/holistic.news\\\/en\\\/about-us\\\/\",\"name\":\"About us - Holistic News\",\"isPartOf\":{\"@id\":\"https:\\\/\\\/holistic.news\\\/en\\\/#website\"},\"primaryImageOfPage\":{\"@id\":\"https:\\\/\\\/holistic.news\\\/en\\\/about-us\\\/#primaryimage\"},\"image\":{\"@id\":\"https:\\\/\\\/holistic.news\\\/en\\\/about-us\\\/#primaryimage\"},\"thumbnailUrl\":\"https:\\\/\\\/holistic.news\\\/en\\\/wp-content\\\/uploads\\\/2024\\\/05\\\/mockup-holistic-strona-magazyn-okladka-i-srodek.webp\",\"datePublished\":\"2023-02-24T14:00:51+00:00\",\"dateModified\":\"2026-03-13T09:02:54+00:00\",\"description\":\"At Holistic.News, we present and comment on current events, guided by the principle of \u201ctruth and goodness\u201d.\",\"inLanguage\":\"en-GB\",\"potentialAction\":[{\"@type\":\"ReadAction\",\"target\":[\"https:\\\/\\\/holistic.news\\\/en\\\/about-us\\\/\"]}]},{\"@type\":\"ImageObject\",\"inLanguage\":\"en-GB\",\"@id\":\"https:\\\/\\\/holistic.news\\\/en\\\/about-us\\\/#primaryimage\",\"url\":\"https:\\\/\\\/holistic.news\\\/en\\\/wp-content\\\/uploads\\\/2024\\\/05\\\/mockup-holistic-strona-magazyn-okladka-i-srodek.webp\",\"contentUrl\":\"https:\\\/\\\/holistic.news\\\/en\\\/wp-content\\\/uploads\\\/2024\\\/05\\\/mockup-holistic-strona-magazyn-okladka-i-srodek.webp\",\"width\":1920,\"height\":1080,\"caption\":\"holistic news\"},{\"@type\":\"WebSite\",\"@id\":\"https:\\\/\\\/holistic.news\\\/en\\\/#website\",\"url\":\"https:\\\/\\\/holistic.news\\\/en\\\/\",\"name\":\"Holistic News | in English\",\"description\":\"Seeking Truth and Goodness\",\"publisher\":{\"@id\":\"https:\\\/\\\/holistic.news\\\/en\\\/#organization\"},\"potentialAction\":[{\"@type\":\"SearchAction\",\"target\":{\"@type\":\"EntryPoint\",\"urlTemplate\":\"https:\\\/\\\/holistic.news\\\/en\\\/?s={search_term_string}\"},\"query-input\":{\"@type\":\"PropertyValueSpecification\",\"valueRequired\":true,\"valueName\":\"search_term_string\"}}],\"inLanguage\":\"en-GB\"},{\"@type\":\"Organization\",\"@id\":\"https:\\\/\\\/holistic.news\\\/en\\\/#organization\",\"name\":\"Holistic News\",\"url\":\"https:\\\/\\\/holistic.news\\\/en\\\/\",\"logo\":{\"@type\":\"ImageObject\",\"inLanguage\":\"en-GB\",\"@id\":\"https:\\\/\\\/holistic.news\\\/en\\\/#\\\/schema\\\/logo\\\/image\\\/\",\"url\":\"https:\\\/\\\/holistic.news\\\/en\\\/wp-content\\\/uploads\\\/2023\\\/09\\\/logo.png\",\"contentUrl\":\"https:\\\/\\\/holistic.news\\\/en\\\/wp-content\\\/uploads\\\/2023\\\/09\\\/logo.png\",\"width\":269,\"height\":57,\"caption\":\"Holistic News\"},\"image\":{\"@id\":\"https:\\\/\\\/holistic.news\\\/en\\\/#\\\/schema\\\/logo\\\/image\\\/\"},\"sameAs\":[\"https:\\\/\\\/www.facebook.com\\\/portalHolisticNews\\\/\",\"https:\\\/\\\/x.com\\\/news_holistic\",\"https:\\\/\\\/www.instagram.com\\\/holisticnews\\\/\"]}]}<\/script>\n<!-- \/ Yoast SEO Premium plugin. -->","yoast_head_json":{"title":"About us - Holistic News","description":"At Holistic.News, we present and comment on current events, guided by the principle of \u201ctruth and goodness\u201d.","robots":{"index":"index","follow":"follow","max-snippet":"max-snippet:-1","max-image-preview":"max-image-preview:large","max-video-preview":"max-video-preview:-1"},"canonical":"https:\/\/holistic.news\/en\/about-us\/","og_locale":"en_GB","og_type":"article","og_title":"About us - Holistic News","og_description":"At Holistic.News, we present and comment on current events, guided by the principle of \u201ctruth and goodness\u201d.","og_url":"https:\/\/holistic.news\/en\/about-us\/","og_site_name":"Holistic News","article_publisher":"https:\/\/www.facebook.com\/portalHolisticNews\/","article_modified_time":"2026-03-13T09:02:54+00:00","og_image":[{"width":1920,"height":1080,"url":"https:\/\/holistic.news\/en\/wp-content\/uploads\/2024\/05\/mockup-holistic-strona-magazyn-okladka-i-srodek.webp","type":"image\/webp"}],"twitter_card":"summary_large_image","twitter_site":"@news_holistic","twitter_misc":{"Estimated reading time":"4 minutes"},"schema":{"@context":"https:\/\/schema.org","@graph":[{"@type":"WebPage","@id":"https:\/\/holistic.news\/en\/about-us\/","url":"https:\/\/holistic.news\/en\/about-us\/","name":"About us - Holistic News","isPartOf":{"@id":"https:\/\/holistic.news\/en\/#website"},"primaryImageOfPage":{"@id":"https:\/\/holistic.news\/en\/about-us\/#primaryimage"},"image":{"@id":"https:\/\/holistic.news\/en\/about-us\/#primaryimage"},"thumbnailUrl":"https:\/\/holistic.news\/en\/wp-content\/uploads\/2024\/05\/mockup-holistic-strona-magazyn-okladka-i-srodek.webp","datePublished":"2023-02-24T14:00:51+00:00","dateModified":"2026-03-13T09:02:54+00:00","description":"At Holistic.News, we present and comment on current events, guided by the principle of \u201ctruth and goodness\u201d.","inLanguage":"en-GB","potentialAction":[{"@type":"ReadAction","target":["https:\/\/holistic.news\/en\/about-us\/"]}]},{"@type":"ImageObject","inLanguage":"en-GB","@id":"https:\/\/holistic.news\/en\/about-us\/#primaryimage","url":"https:\/\/holistic.news\/en\/wp-content\/uploads\/2024\/05\/mockup-holistic-strona-magazyn-okladka-i-srodek.webp","contentUrl":"https:\/\/holistic.news\/en\/wp-content\/uploads\/2024\/05\/mockup-holistic-strona-magazyn-okladka-i-srodek.webp","width":1920,"height":1080,"caption":"holistic news"},{"@type":"WebSite","@id":"https:\/\/holistic.news\/en\/#website","url":"https:\/\/holistic.news\/en\/","name":"Holistic News | in English","description":"Seeking Truth and Goodness","publisher":{"@id":"https:\/\/holistic.news\/en\/#organization"},"potentialAction":[{"@type":"SearchAction","target":{"@type":"EntryPoint","urlTemplate":"https:\/\/holistic.news\/en\/?s={search_term_string}"},"query-input":{"@type":"PropertyValueSpecification","valueRequired":true,"valueName":"search_term_string"}}],"inLanguage":"en-GB"},{"@type":"Organization","@id":"https:\/\/holistic.news\/en\/#organization","name":"Holistic News","url":"https:\/\/holistic.news\/en\/","logo":{"@type":"ImageObject","inLanguage":"en-GB","@id":"https:\/\/holistic.news\/en\/#\/schema\/logo\/image\/","url":"https:\/\/holistic.news\/en\/wp-content\/uploads\/2023\/09\/logo.png","contentUrl":"https:\/\/holistic.news\/en\/wp-content\/uploads\/2023\/09\/logo.png","width":269,"height":57,"caption":"Holistic News"},"image":{"@id":"https:\/\/holistic.news\/en\/#\/schema\/logo\/image\/"},"sameAs":["https:\/\/www.facebook.com\/portalHolisticNews\/","https:\/\/x.com\/news_holistic","https:\/\/www.instagram.com\/holisticnews\/"]}]}},"_links":{"self":[{"href":"https:\/\/holistic.news\/en\/wp-json\/wp\/v2\/pages\/77","targetHints":{"allow":["GET"]}}],"collection":[{"href":"https:\/\/holistic.news\/en\/wp-json\/wp\/v2\/pages"}],"about":[{"href":"https:\/\/holistic.news\/en\/wp-json\/wp\/v2\/types\/page"}],"author":[{"embeddable":true,"href":"https:\/\/holistic.news\/en\/wp-json\/wp\/v2\/users\/3"}],"replies":[{"embeddable":true,"href":"https:\/\/holistic.news\/en\/wp-json\/wp\/v2\/comments?post=77"}],"version-history":[{"count":30,"href":"https:\/\/holistic.news\/en\/wp-json\/wp\/v2\/pages\/77\/revisions"}],"predecessor-version":[{"id":16706,"href":"https:\/\/holistic.news\/en\/wp-json\/wp\/v2\/pages\/77\/revisions\/16706"}],"wp:featuredmedia":[{"embeddable":true,"href":"https:\/\/holistic.news\/en\/wp-json\/wp\/v2\/media\/12324"}],"wp:attachment":[{"href":"https:\/\/holistic.news\/en\/wp-json\/wp\/v2\/media?parent=77"}],"curies":[{"name":"wp","href":"https:\/\/api.w.org\/{rel}","templated":true}]}}